{"id":482,"date":"2024-11-15T15:03:04","date_gmt":"2024-11-15T15:03:04","guid":{"rendered":"https:\/\/akv-alsleben.de\/?page_id=482"},"modified":"2024-11-18T16:12:35","modified_gmt":"2024-11-18T16:12:35","slug":"downloads","status":"publish","type":"page","link":"https:\/\/akv-alsleben.de\/?page_id=482","title":{"rendered":"Downloads"},"content":{"rendered":"\n<div class=\"wp-block-group is-nowrap is-layout-flex wp-container-core-group-is-layout-ad2f72ca wp-block-group-is-layout-flex\">\n<h2 class=\"wp-block-heading\"><span style=\"color: #ff0000;\">F\u00fcr Mitglieder<\/span><\/h2>\n\n\n\n<figure class=\"wp-block-image size-full is-resized\"><img loading=\"lazy\" decoding=\"async\" width=\"786\" height=\"999\" src=\"https:\/\/akv-alsleben.de\/wp-content\/uploads\/2024\/11\/papa.jpg\" alt=\"\" class=\"wp-image-501\" style=\"width:250px;height:auto\"\/><\/figure>\n<\/div>\n\n\n\n<div class=\"wp-block-file\"><a id=\"wp-block-file--media-7053cdd5-5401-493b-83d7-04936282af47\" href=\"https:\/\/akv-alsleben.de\/wp-content\/uploads\/2024\/11\/Beitragsordnung-AKV_21.04.23.pdf\">Beitragsordnung<\/a><\/div>\n\n\n\n<div class=\"wp-block-file\"><a id=\"wp-block-file--media-175c0f5d-e951-43c9-ac91-5a00c69d73f8\" href=\"https:\/\/akv-alsleben.de\/wp-content\/uploads\/2024\/11\/Satzung-AKV_19.02.24.pdf\">Satzung<\/a><\/div>\n\n\n\n<div class=\"wp-block-file\"><a id=\"wp-block-file--media-cc5fadc5-f225-4a11-b492-3700470739e9\" href=\"https:\/\/akv-alsleben.de\/wp-content\/uploads\/2024\/11\/LaufzettelAKVfinal.pdf\">Laufzettel<\/a><\/div>\n\n\n\n<p class=\"has-large-font-size\"><\/p>\n\n\n\n<div class=\"wp-block-group is-nowrap is-layout-flex wp-container-core-group-is-layout-ad2f72ca wp-block-group-is-layout-flex\">\n<h2 class=\"wp-block-heading\"><span style=\"color: #ff0000;\">F\u00fcr zuk\u00fcnftige Mitglieder<\/span><\/h2>\n\n\n\n<figure class=\"wp-block-image size-full is-resized\"><img loading=\"lazy\" decoding=\"async\" width=\"786\" height=\"998\" src=\"https:\/\/akv-alsleben.de\/wp-content\/uploads\/2024\/11\/Mama.jpg\" alt=\"\" class=\"wp-image-502\" style=\"width:250px\"\/><\/figure>\n<\/div>\n\n\n\n<div class=\"wp-block-file\"><a id=\"wp-block-file--media-06999af7-d1a7-4da7-a203-81bcb68cb972\" href=\"https:\/\/akv-alsleben.de\/wp-content\/uploads\/2024\/11\/Beitrittserklaerung_DSGVO_Fotoerlaubnis_AKV.pdf\">Beitrittserkl\u00e4rung_DSGVO_Fotoerlaubnis<\/a><\/div>\n","protected":false},"excerpt":{"rendered":"<p>F\u00fcr Mitglieder F\u00fcr zuk\u00fcnftige Mitglieder<\/p>\n","protected":false},"author":1,"featured_media":0,"parent":0,"menu_order":0,"comment_status":"closed","ping_status":"closed","template":"","meta":{"footnotes":""},"class_list":["post-482","page","type-page","status-publish","hentry"],"_links":{"self":[{"href":"https:\/\/akv-alsleben.de\/index.php?rest_route=\/wp\/v2\/pages\/482","targetHints":{"allow":["GET"]}}],"collection":[{"href":"https:\/\/akv-alsleben.de\/index.php?rest_route=\/wp\/v2\/pages"}],"about":[{"href":"https:\/\/akv-alsleben.de\/index.php?rest_route=\/wp\/v2\/types\/page"}],"author":[{"embeddable":true,"href":"https:\/\/akv-alsleben.de\/index.php?rest_route=\/wp\/v2\/users\/1"}],"replies":[{"embeddable":true,"href":"https:\/\/akv-alsleben.de\/index.php?rest_route=%2Fwp%2Fv2%2Fcomments&post=482"}],"version-history":[{"count":9,"href":"https:\/\/akv-alsleben.de\/index.php?rest_route=\/wp\/v2\/pages\/482\/revisions"}],"predecessor-version":[{"id":505,"href":"https:\/\/akv-alsleben.de\/index.php?rest_route=\/wp\/v2\/pages\/482\/revisions\/505"}],"wp:attachment":[{"href":"https:\/\/akv-alsleben.de\/index.php?rest_route=%2Fwp%2Fv2%2Fmedia&parent=482"}],"curies":[{"name":"wp","href":"https:\/\/api.w.org\/{rel}","templated":true}]}}