{"id":15,"date":"2018-04-13T13:24:00","date_gmt":"2018-04-13T13:24:00","guid":{"rendered":"http:\/\/akv-alsleben.de\/?page_id=15"},"modified":"2025-07-09T10:23:34","modified_gmt":"2025-07-09T10:23:34","slug":"sponsoren","status":"publish","type":"page","link":"https:\/\/akv-alsleben.de\/?page_id=15","title":{"rendered":"Sponsoren"},"content":{"rendered":"<h3 style=\"text-align: center;\"><span style=\"color: #ff0000;\"><strong>Mit einem Tusch und 3fach donnerndem AKV &#8211; Helau<\/strong><\/span><br \/>\n<span style=\"color: #ff0000;\"> <strong> bedanken wir uns bei unseren flei\u00dfigen Sponsoren der 60. Session<\/strong><\/span><\/h3>\n<p style=\"text-align: center;\"><span style=\"color: #ff0000;\"><strong>UNSER DANK GEHT AN:<\/strong><\/span><\/p>\n<p style=\"text-align: center;\"><span style=\"color: #ff0000;\">Adler-Apotheke Sabine Fege<\/span><\/p>\n<p style=\"text-align: center;\"><span style=\"color: #ff0000;\">Allianz Versicherung &#8211; Markus G\u00fcldenpfennig<\/span><\/p>\n<p style=\"text-align: center;\"><span style=\"color: #ff0000;\">Arztpraxis M\u00fcller &#8211; Belleben<\/span><\/p>\n<p style=\"text-align: center;\"><span style=\"color: #ff0000;\">Bau und Technik Sven Schmidt<\/span><\/p>\n<p style=\"text-align: center;\"><span style=\"color: #ff0000;\">Bau Team Belleben &#8211; Tony Zorn<\/span><\/p>\n<p style=\"text-align: center;\"><span style=\"color: #ff0000;\">Bauelemente Detlef Grill<\/span><\/p>\n<p style=\"text-align: center;\"><span style=\"color: #ff0000;\">Baustoffhandel Priczkat Gerda e.K.<\/span><\/p>\n<p style=\"text-align: center;\"><span style=\"color: #ff0000;\">Beauty House Alsleben &#8211; S. Edner<\/span><\/p>\n<p style=\"text-align: center;\"><span style=\"color: #ff0000;\">Blumenhandel &#8222;Saaletal&#8220;<\/span><\/p>\n<p style=\"text-align: center;\"><span style=\"color: #ff0000;\">B\u00f6nicke Elektrotechnik GmbH &amp; Co. KG<\/span><\/p>\n<p style=\"text-align: center;\"><span style=\"color: #ff0000;\">Dipl. vet. Med. Bernd Tischmeyer<\/span><\/p>\n<p style=\"text-align: center;\"><span style=\"color: #ff0000;\">Fahrschule Jan<\/span><\/p>\n<p style=\"text-align: center;\"><span style=\"color: #ff0000;\">Fahrzeugverwertung und Service Heine<\/span><\/p>\n<p style=\"text-align: center;\"><span style=\"color: #ff0000;\">Fleischerei Kipper<\/span><\/p>\n<p style=\"text-align: center;\"><span style=\"color: #ff0000;\">Gabriele Ru\u00df<\/span><\/p>\n<p style=\"text-align: center;\"><span style=\"color: #ff0000;\">Gasthof ,,Zur Linde&#8220; &#8211; Uwe Lichtenfeld<\/span><\/p>\n<p style=\"text-align: center;\"><span style=\"color: #ff0000;\">Haus- und Bau- Service Alsleben GmbH<\/span><\/p>\n<p style=\"text-align: center;\"><span style=\"color: #ff0000;\">Haushaltsservice Ute B\u00f6nicke<\/span><\/p>\n<p style=\"text-align: center;\"><span style=\"color: #ff0000;\">Heimatverein Alsleben<\/span><\/p>\n<p style=\"text-align: center;\"><span style=\"color: #ff0000;\">Elektrotechnik J\u00f6rg Andree<\/span><\/p>\n<p style=\"text-align: center;\"><span style=\"color: #ff0000;\">K+S Minerals and Agriculture GmbH<\/span><\/p>\n<p style=\"text-align: center;\"><span style=\"color: #ff0000;\">KFZ-Werkstatt Ludwig Leschinger<\/span><\/p>\n<p style=\"text-align: center;\"><span style=\"color: #ff0000;\">Kloppmann GmbH<\/span><\/p>\n<p style=\"text-align: center;\"><span style=\"color: #ff0000;\">K\u00fchnel GmbH &amp; Co. KG<\/span><\/p>\n<p style=\"text-align: center;\"><span style=\"color: #ff0000;\">Landwirtschaftsbetrieb H\u00e4ckert<\/span><\/p>\n<p style=\"text-align: center;\"><span style=\"color: #ff0000;\">Lohanser GmbH &#8211; Sortimo Station Magdeburg<\/span><\/p>\n<p style=\"text-align: center;\"><span style=\"color: #ff0000;\">Malermeister Torsten Markus<\/span><\/p>\n<p style=\"text-align: center;\"><span style=\"color: #ff0000;\">M\u00fchlen- &amp; Anlagentechnik Mattner<\/span><\/p>\n<p style=\"text-align: center;\"><span style=\"color: #ff0000;\">M\u00fcller Dach &amp; Bau GmbH<\/span><\/p>\n<p style=\"text-align: center;\"><span style=\"color: #ff0000;\">M\u00fcller-Sorgenfrei &#8211; Miettoilettenservice<\/span><\/p>\n<p style=\"text-align: center;\"><span style=\"color: #ff0000;\">NAUGK\u00b4s W\u00c4SCHEEXPRESS<\/span><\/p>\n<p style=\"text-align: center;\"><span style=\"color: #ff0000;\">Nutzfahrzeuge, Bau-und Langmaschinen, NBL Seidel GmbH &amp; Co. KG<\/span><\/p>\n<p style=\"text-align: center;\"><span style=\"color: #ff0000;\">Physiotherapie &amp; Fu\u00dfpflege Jenny Zorn<\/span><\/p>\n<p style=\"text-align: center;\"><span style=\"color: #ff0000;\">Physiotherapie Weigel &amp; Speer<\/span><\/p>\n<p style=\"text-align: center;\"><span style=\"color: #ff0000;\">Rechtsanw\u00e4lte Jan Ochmann und Anke Glowka<\/span><\/p>\n<p style=\"text-align: center;\"><span style=\"color: #ff0000;\">Reinigungs- &amp; Steinpflegeservice &#8211; Maik Schwaneberg<\/span><\/p>\n<p style=\"text-align: center;\"><span style=\"color: #ff0000;\">Saalem\u00fchle Alsleben<\/span><\/p>\n<p style=\"text-align: center;\"><span style=\"color: #ff0000;\">Salzlandlackiererei Matthias Stolze<\/span><\/p>\n<p style=\"text-align: center;\"><span style=\"color: #ff0000;\">Salzlandmobile GmbH &#8211; Bebitz<\/span><\/p>\n<p style=\"text-align: center;\"><span style=\"color: #ff0000;\">Salzlandsparkasse<\/span><\/p>\n<p style=\"text-align: center;\"><span style=\"color: #ff0000;\">Schiffswerft Fischer &#8211; Mukrena<\/span><\/p>\n<p style=\"text-align: center;\"><span style=\"color: #ff0000;\">Seniorenresidenz und Pflegedienst Staude GmbH<\/span><\/p>\n<p style=\"text-align: center;\"><span style=\"color: #ff0000;\">SOLENTEK GmbH<\/span><\/p>\n<p style=\"text-align: center;\"><span style=\"color: #ff0000;\">Stadt Alsleben<\/span><\/p>\n<p style=\"text-align: center;\"><span style=\"color: #ff0000;\">Sven Ressel Kfz.-Technik GmbH<\/span><\/p>\n<p style=\"text-align: center;\"><span style=\"color: #ff0000;\">Transport- und Baustoffhandel G\u00fcnter Schr\u00f6der &#8211; Inh. Cornelia Otto<\/span><\/p>\n<p style=\"text-align: center;\"><span style=\"color: #ff0000;\">EMZORO Maschinenbauunternehmen &#8211; Ulf Zorn Rothenburg<\/span><\/p>\n<p style=\"text-align: center;\"><span style=\"color: #ff0000;\">Zacher Steuerberatungsgesellschaft mbH &amp; Co. KG<\/span><\/p>\n<p style=\"text-align: center;\"><span style=\"color: #ff0000;\">Tiefbau Ebeling GmbH<\/span><\/p>\n<p style=\"text-align: center;\"><span style=\"color: #ff0000;\">Transport &#8211; und Baustoffhandel G\u00fcnter Schr\u00f6der \/ Cornelia Otto<\/span><\/p>\n<p style=\"text-align: center;\"><span style=\"color: #ff0000;\">Werbeagentur Michael Koch &#8211; BBG<\/span><\/p>\n<p style=\"text-align: center;\"><span style=\"color: #ff0000;\"><strong>Fragen und Anregungen zum Thema Sponsoring bitte an John Wagner:<\/strong><\/span><br \/>\n<span style=\"color: #ff0000;\"><strong> e-Mail: <\/strong><strong><a style=\"color: #ff0000;\" href=\"mailto:Vorstand@akv-alsleben.de\"><u><span style=\"font-size: large;\">\u21d2Vorstand\u21d0<\/span><\/u><\/a><\/strong><\/span><!--more--><\/p>\n<p style=\"text-align: center;\"><span style=\"color: #ff0000;\"><strong>AKV &#8222;Rot-Wei\u00df&#8220; Alsleben e. V.<\/strong><\/span><br \/>\n<span style=\"color: #ff0000;\"> <strong> IBAN: DE27 8005 5500 0370 0644 53<\/strong><\/span><br \/>\n<span style=\"color: #ff0000;\"> <strong> BIC: NOLADE21SES<\/strong><\/span><br \/>\n<span style=\"color: #ff0000;\"> <strong> (Salzlandsparkasse Sta\u00dffurt)<\/strong><\/span><\/p>\n","protected":false},"excerpt":{"rendered":"<p>Mit einem Tusch und 3fach donnerndem AKV &#8211; Helau bedanken wir uns bei unseren flei\u00dfigen Sponsoren der 60. Session UNSER DANK GEHT AN: Adler-Apotheke Sabine Fege Allianz Versicherung &#8211; Markus G\u00fcldenpfennig Arztpraxis M\u00fcller &#8211; Belleben Bau und Technik Sven Schmidt Bau Team Belleben &#8211; Tony Zorn Bauelemente Detlef Grill Baustoffhandel Priczkat Gerda e.K. Beauty House Alsleben &#8211; S. Edner Blumenhandel [&hellip;]<\/p>\n","protected":false},"author":1,"featured_media":513,"parent":0,"menu_order":0,"comment_status":"closed","ping_status":"closed","template":"","meta":{"footnotes":""},"class_list":["post-15","page","type-page","status-publish","has-post-thumbnail","hentry"],"_links":{"self":[{"href":"https:\/\/akv-alsleben.de\/index.php?rest_route=\/wp\/v2\/pages\/15","targetHints":{"allow":["GET"]}}],"collection":[{"href":"https:\/\/akv-alsleben.de\/index.php?rest_route=\/wp\/v2\/pages"}],"about":[{"href":"https:\/\/akv-alsleben.de\/index.php?rest_route=\/wp\/v2\/types\/page"}],"author":[{"embeddable":true,"href":"https:\/\/akv-alsleben.de\/index.php?rest_route=\/wp\/v2\/users\/1"}],"replies":[{"embeddable":true,"href":"https:\/\/akv-alsleben.de\/index.php?rest_route=%2Fwp%2Fv2%2Fcomments&post=15"}],"version-history":[{"count":11,"href":"https:\/\/akv-alsleben.de\/index.php?rest_route=\/wp\/v2\/pages\/15\/revisions"}],"predecessor-version":[{"id":535,"href":"https:\/\/akv-alsleben.de\/index.php?rest_route=\/wp\/v2\/pages\/15\/revisions\/535"}],"wp:featuredmedia":[{"embeddable":true,"href":"https:\/\/akv-alsleben.de\/index.php?rest_route=\/wp\/v2\/media\/513"}],"wp:attachment":[{"href":"https:\/\/akv-alsleben.de\/index.php?rest_route=%2Fwp%2Fv2%2Fmedia&parent=15"}],"curies":[{"name":"wp","href":"https:\/\/api.w.org\/{rel}","templated":true}]}}